{"id":5673531,"date":"2017-08-03T07:20:11","date_gmt":"2017-08-03T07:20:11","guid":{"rendered":"http:\/\/navefar.com\/home\/"},"modified":"2018-12-20T00:39:09","modified_gmt":"2018-12-20T00:39:09","slug":"home","status":"publish","type":"page","link":"http:\/\/navefar.com\/en\/","title":{"rendered":"Inicio"},"content":{"rendered":"<div class=\"wpb-content-wrapper\">[vc_row full_width=&#8221;stretch_row&#8221; full_height=&#8221;yes&#8221; equal_height=&#8221;yes&#8221; css=&#8221;.vc_custom_1543905655505{background-color: #eaeaea !important;}&#8221;][vc_column]\n<div id=\"rev_slider_10_1_wrapper\" class=\"rev_slider_wrapper fullscreen-container\" data-source=\"gallery\" style=\"background:transparent;padding:0px;\">\n<!-- START REVOLUTION SLIDER 5.4.8 fullscreen mode -->\n\t<div id=\"rev_slider_10_1\" class=\"rev_slider fullscreenbanner\" style=\"display:none;\" data-version=\"5.4.8\">\n<ul>\t<!-- SLIDE  -->\n\t<li data-index=\"rs-33\" data-transition=\"fade\" data-slotamount=\"default\" data-hideafterloop=\"0\" data-hideslideonmobile=\"off\"  data-easein=\"default\" data-easeout=\"default\" data-masterspeed=\"300\"  data-thumb=\"http:\/\/navefar.com\/wp-content\/uploads\/2019\/01\/slide1-1-100x50.jpg\"  data-rotate=\"0\"  data-saveperformance=\"off\"  data-title=\"Slide\" data-param1=\"\" data-param2=\"\" data-param3=\"\" data-param4=\"\" data-param5=\"\" data-param6=\"\" data-param7=\"\" data-param8=\"\" data-param9=\"\" data-param10=\"\" data-description=\"\">\n\t\t<!-- MAIN IMAGE -->\n\t\t<img loading=\"lazy\" decoding=\"async\" src=\"http:\/\/navefar.com\/wp-content\/uploads\/2019\/01\/slide1-1.jpg\"  alt=\"\" title=\"slide1\"  width=\"1700\" height=\"836\" data-bgposition=\"center center\" data-bgfit=\"cover\" data-bgrepeat=\"no-repeat\" class=\"rev-slidebg\" data-no-retina>\n\t\t<!-- LAYERS -->\n\t<\/li>\n\t<!-- SLIDE  -->\n\t<li data-index=\"rs-35\" data-transition=\"fade\" data-slotamount=\"default\" data-hideafterloop=\"0\" data-hideslideonmobile=\"off\"  data-easein=\"default\" data-easeout=\"default\" data-masterspeed=\"300\"  data-thumb=\"http:\/\/navefar.com\/wp-content\/uploads\/2019\/01\/slide2-1-100x50.jpg\"  data-rotate=\"0\"  data-saveperformance=\"off\"  data-mediafilter=\"xpro2\" data-title=\"Slide\" data-param1=\"\" data-param2=\"\" data-param3=\"\" data-param4=\"\" data-param5=\"\" data-param6=\"\" data-param7=\"\" data-param8=\"\" data-param9=\"\" data-param10=\"\" data-description=\"\">\n\t\t<!-- MAIN IMAGE -->\n\t\t<img loading=\"lazy\" decoding=\"async\" src=\"http:\/\/navefar.com\/wp-content\/uploads\/2019\/01\/slide2-1.jpg\"  alt=\"\" title=\"slide2\"  width=\"1700\" height=\"836\" data-bgposition=\"center center\" data-bgfit=\"cover\" data-bgrepeat=\"no-repeat\" class=\"rev-slidebg\" data-no-retina>\n\t\t<!-- LAYERS -->\n\t<\/li>\n\t<!-- SLIDE  -->\n\t<li data-index=\"rs-34\" data-transition=\"fade\" data-slotamount=\"default\" data-hideafterloop=\"0\" data-hideslideonmobile=\"off\"  data-easein=\"default\" data-easeout=\"default\" data-masterspeed=\"300\"  data-thumb=\"http:\/\/navefar.com\/wp-content\/uploads\/2019\/01\/slide3-100x50.jpg\"  data-rotate=\"0\"  data-saveperformance=\"off\"  data-title=\"Slide\" data-param1=\"\" data-param2=\"\" data-param3=\"\" data-param4=\"\" data-param5=\"\" data-param6=\"\" data-param7=\"\" data-param8=\"\" data-param9=\"\" data-param10=\"\" data-description=\"\">\n\t\t<!-- MAIN IMAGE -->\n\t\t<img loading=\"lazy\" decoding=\"async\" src=\"http:\/\/navefar.com\/wp-content\/uploads\/2019\/01\/slide3.jpg\"  alt=\"\" title=\"slide3\"  width=\"1700\" height=\"835\" data-bgposition=\"center center\" data-bgfit=\"cover\" data-bgrepeat=\"no-repeat\" class=\"rev-slidebg\" data-no-retina>\n\t\t<!-- LAYERS -->\n\t<\/li>\n<\/ul>\n<script>var htmlDiv = document.getElementById(\"rs-plugin-settings-inline-css\"); var htmlDivCss=\"\";\r\n\t\t\t\t\t\tif(htmlDiv) {\r\n\t\t\t\t\t\t\thtmlDiv.innerHTML = htmlDiv.innerHTML + htmlDivCss;\r\n\t\t\t\t\t\t}else{\r\n\t\t\t\t\t\t\tvar htmlDiv = document.createElement(\"div\");\r\n\t\t\t\t\t\t\thtmlDiv.innerHTML = \"<style>\" + htmlDivCss + \"<\/style>\";\r\n\t\t\t\t\t\t\tdocument.getElementsByTagName(\"head\")[0].appendChild(htmlDiv.childNodes[0]);\r\n\t\t\t\t\t\t}\r\n\t\t\t\t\t<\/script>\n<div class=\"tp-bannertimer tp-bottom\" style=\"visibility: hidden !important;\"><\/div>\t<\/div>\n<script>var htmlDiv = document.getElementById(\"rs-plugin-settings-inline-css\"); var htmlDivCss=\"\";\r\n\t\t\t\tif(htmlDiv) {\r\n\t\t\t\t\thtmlDiv.innerHTML = htmlDiv.innerHTML + htmlDivCss;\r\n\t\t\t\t}else{\r\n\t\t\t\t\tvar htmlDiv = document.createElement(\"div\");\r\n\t\t\t\t\thtmlDiv.innerHTML = \"<style>\" + htmlDivCss + \"<\/style>\";\r\n\t\t\t\t\tdocument.getElementsByTagName(\"head\")[0].appendChild(htmlDiv.childNodes[0]);\r\n\t\t\t\t}\r\n\t\t\t<\/script>\n\t\t<script type=\"text\/javascript\">\r\nif (setREVStartSize!==undefined) setREVStartSize(\r\n\t{c: '#rev_slider_10_1', responsiveLevels: [1240,1024,778,480], gridwidth: [1420,1024,778,480], gridheight: [1040,768,960,720], sliderLayout: 'fullscreen', fullScreenAutoWidth:'off', fullScreenAlignForce:'off', fullScreenOffsetContainer:'', fullScreenOffset:''});\r\n\t\t\t\r\nvar revapi10,\r\n\ttpj;\t\r\n(function() {\t\t\t\r\n\tif (!\/loaded|interactive|complete\/.test(document.readyState)) document.addEventListener(\"DOMContentLoaded\",onLoad); else onLoad();\t\r\n\tfunction onLoad() {\t\t\t\t\r\n\t\tif (tpj===undefined) { tpj = jQuery; if(\"off\" == \"on\") tpj.noConflict();}\r\n\tif(tpj(\"#rev_slider_10_1\").revolution == undefined){\n\t\trevslider_showDoubleJqueryError(\"#rev_slider_10_1\");\n\t}else{\n\t\trevapi10 = tpj(\"#rev_slider_10_1\").show().revolution({\n\t\t\tsliderType:\"standard\",\n\t\t\tjsFileLocation:\"\/\/navefar.com\/wp-content\/plugins\/revslider\/public\/assets\/js\/\",\n\t\t\tsliderLayout:\"fullscreen\",\n\t\t\tdottedOverlay:\"none\",\n\t\t\tdelay:9000,\n\t\t\tnavigation: {\n\t\t\t\tkeyboardNavigation:\"off\",\n\t\t\t\tkeyboard_direction: \"horizontal\",\n\t\t\t\tmouseScrollNavigation:\"off\",\n \t\t\t\t\t\t\tmouseScrollReverse:\"default\",\n\t\t\t\tonHoverStop:\"off\",\n\t\t\t\tarrows: {\n\t\t\t\t\tstyle:\"uranus\",\n\t\t\t\t\tenable:true,\n\t\t\t\t\thide_onmobile:false,\n\t\t\t\t\thide_onleave:false,\n\t\t\t\t\ttmp:'',\n\t\t\t\t\tleft: {\n\t\t\t\t\t\th_align:\"left\",\n\t\t\t\t\t\tv_align:\"center\",\n\t\t\t\t\t\th_offset:20,\n\t\t\t\t\t\tv_offset:0\n\t\t\t\t\t},\n\t\t\t\t\tright: {\n\t\t\t\t\t\th_align:\"right\",\n\t\t\t\t\t\tv_align:\"center\",\n\t\t\t\t\t\th_offset:20,\n\t\t\t\t\t\tv_offset:0\n\t\t\t\t\t}\n\t\t\t\t}\n\t\t\t},\n\t\t\tresponsiveLevels:[1240,1024,778,480],\n\t\t\tvisibilityLevels:[1240,1024,778,480],\n\t\t\tgridwidth:[1420,1024,778,480],\n\t\t\tgridheight:[1040,768,960,720],\n\t\t\tlazyType:\"none\",\n\t\t\tshadow:0,\n\t\t\tspinner:\"off\",\n\t\t\tstopLoop:\"off\",\n\t\t\tstopAfterLoops:-1,\n\t\t\tstopAtSlide:-1,\n\t\t\tshuffle:\"off\",\n\t\t\tautoHeight:\"off\",\n\t\t\tfullScreenAutoWidth:\"off\",\n\t\t\tfullScreenAlignForce:\"off\",\n\t\t\tfullScreenOffsetContainer: \"\",\n\t\t\tfullScreenOffset: \"\",\n\t\t\tdisableProgressBar:\"on\",\n\t\t\thideThumbsOnMobile:\"off\",\n\t\t\thideSliderAtLimit:0,\n\t\t\thideCaptionAtLimit:0,\n\t\t\thideAllCaptionAtLilmit:0,\n\t\t\tdebugMode:false,\n\t\t\tfallbacks: {\n\t\t\t\tsimplifyAll:\"off\",\n\t\t\t\tnextSlideOnWindowFocus:\"off\",\n\t\t\t\tdisableFocusListener:false,\n\t\t\t}\n\t\t});\n\t}; \/* END OF revapi call *\/\n\t\n }; \/* END OF ON LOAD FUNCTION *\/\r\n}()); \/* END OF WRAPPING FUNCTION *\/\r\n<\/script>\r\n\t\t<script>\r\n\t\t\t\t\tvar htmlDivCss = unescape(\"%23rev_slider_10_1%20.uranus.tparrows%20%7B%0A%20%20width%3A50px%3B%0A%20%20height%3A50px%3B%0A%20%20background%3Argba%28255%2C255%2C255%2C0%29%3B%0A%20%7D%0A%20%23rev_slider_10_1%20.uranus.tparrows%3Abefore%20%7B%0A%20width%3A50px%3B%0A%20height%3A50px%3B%0A%20line-height%3A50px%3B%0A%20font-size%3A40px%3B%0A%20transition%3Aall%200.3s%3B%0A-webkit-transition%3Aall%200.3s%3B%0A%20%7D%0A%20%0A%20%20%23rev_slider_10_1%20.uranus.tparrows%3Ahover%3Abefore%20%7B%0A%20%20%20%20opacity%3A0.75%3B%0A%20%20%7D%0A\");\r\n\t\t\t\t\tvar htmlDiv = document.getElementById('rs-plugin-settings-inline-css');\r\n\t\t\t\t\tif(htmlDiv) {\r\n\t\t\t\t\t\thtmlDiv.innerHTML = htmlDiv.innerHTML + htmlDivCss;\r\n\t\t\t\t\t}\r\n\t\t\t\t\telse{\r\n\t\t\t\t\t\tvar htmlDiv = document.createElement('div');\r\n\t\t\t\t\t\thtmlDiv.innerHTML = '<style>' + htmlDivCss + '<\/style>';\r\n\t\t\t\t\t\tdocument.getElementsByTagName('head')[0].appendChild(htmlDiv.childNodes[0]);\r\n\t\t\t\t\t}\r\n\t\t\t\t  <\/script>\r\n\t\t\t\t<\/div><!-- END REVOLUTION SLIDER -->[\/vc_column][\/vc_row][vc_row full_width=&#8221;stretch_row&#8221; full_height=&#8221;yes&#8221; equal_height=&#8221;yes&#8221; disable_element=&#8221;yes&#8221; css=&#8221;.vc_custom_1544813156660{background-image: url(http:\/\/navefar.com\/wp-content\/uploads\/2018\/12\/fondo3.jpg?id=5673705) !important;background-position: center !important;background-repeat: no-repeat !important;background-size: cover !important;}&#8221;][vc_column width=&#8221;1\/4&#8243;][\/vc_column][vc_column width=&#8221;1\/2&#8243; css=&#8221;.vc_custom_1544811415231{margin-top: 80px !important;background-color: #007595 !important;}&#8221;][vc_empty_space height=&#8221;30px&#8221; el_class=&#8221;norebro-phone-space&#8221;]<div class=\"norebro-heading-sc heading text-left\"\r\n\tid=\"norebro-custom-69f8d650d54a5\" \r\n\t \r\n\t>\r\n\t\r\n\t\r\n\t\r\n\t<h3 class=\"title\">\r\n\t\tBienvenidos a NaveFAR\t<\/h3>\r\n\r\n\t\r\n\t\t\t<p class=\"subtitle\">\r\n\t\t\t\t\t<\/p>\r\n\t\t\r\n<\/div>[vc_column_text]\n<h4><span style=\"color: #ffffff;\">Junto a nuestra compa\u00f1\u00eda asociada, tenemos m\u00e1s de 8 a\u00f1os de experiencia en el transporte mar\u00edtimo y fluvial de carga especializada y carga al granel a nivel local e internacional.<\/span><\/h4>\n<h4><span style=\"color: #ffffff;\">Adicionalmente, prestamos el servicio de salvataje mar\u00edtimo de altura, transporte de personal, transporte de carga extra pesada y transporte fluvial.<\/span><\/h4>\n[\/vc_column_text][vc_empty_space height=&#8221;30px&#8221; el_class=&#8221;norebro-phone-space&#8221;][\/vc_column][vc_column width=&#8221;1\/4&#8243;][\/vc_column][\/vc_row][vc_row full_width=&#8221;stretch_row&#8221; css=&#8221;.vc_custom_1545063588328{background-color: #ffffff !important;}&#8221;][vc_column][vc_empty_space height=&#8221;30px&#8221; el_class=&#8221;norebro-phone-space&#8221;]<div class=\"norebro-heading-sc heading text-left\"\r\n\tid=\"norebro-custom-69f8d650d566a\" \r\n\t \r\n\t>\r\n\t\r\n\t\r\n\t\r\n\t<h3 class=\"title\">\r\n\t\tNuestra Flota\t<\/h3>\r\n\r\n\t\r\n\t\t\t<p class=\"subtitle\">\r\n\t\t\tNavefar cuenta con varios servicios que ayudar\u00e1n a su empresa a movilizar cualquier tipo de carga\t\t<\/p>\r\n\t\t\r\n<\/div>[vc_empty_space height=&#8221;30px&#8221; el_class=&#8221;norebro-phone-space&#8221;]<div class=\"norebro-recent-projects-sc  portfolio-grid-4 hide-scroll with-sorting\" \r\n\tid=\"norebro-custom-69f8d650d8fac\"\r\n\t \r\n\t>\r\n\t\r\n\t<div class=\"slider full-height full mousewheel-false with-sorting\" data-norebro-slider='{\"loop\":true,\"dots\":true,\"nav\":true,\"autoplay\":true,\"autoplayHoverPause\":true,\"navContainerClass\":\"slider-nav\",\"keyControl\":true,\"itemsDesktop\":\"2\",\"itemsTablet\":\"2\",\"itemsMobile\":\"1\",\"slideBy\":1,\"navSpeed\":\"500\",\"autoplayTimeout\":\"5\",\"autoHeight\":false,\"dotsClass\":\"slider-vertical-numbers\",\"mousewheel\":true}'>\r\n\t\t\t\t<div class=\"slider-wrap portfolio-item-wrap\">\r\n\t<div class=\"portfolio-item grid-4\">\r\n\t\t\t\t\t<div class=\"image-wrap\" data-norebro-bg-image=\"http:\/\/navefar.com\/wp-content\/uploads\/2019\/01\/image-09-06-16-08-03-2.jpeg\"><\/div>\r\n\t\t\t\t<a href=\"http:\/\/navefar.com\/en\/project\/nancy-far\/\">\r\n\t\t\t<div class=\"description overlay\">\r\n\t\t\t\t<div class=\"content-center\">\r\n\t\t\t\t\t<div class=\"wrap\">\r\n\t\t\t\t\t\t\r\n\t\t\t\t\t\t\r\n\t\t\t\t\t\t<h4 class=\"title\">NANCY FAR<\/h4>\r\n\t\t\t\t\t\t\t\t\t\t\t\t\t<div class=\"text-description\">\r\n\t\t\t\t\t\t\t\t\t\t\t\t\t\t\t<\/div>\r\n\t\t\t\t\t\t\t\t\t\t\t\t\t\t\t\t\t\t<a href=\"http:\/\/navefar.com\/en\/project\/nancy-far\/\" class=\"more hover-underline\">\r\n\t\t\t\t\t\t\tView Project\t\t\t\t\t\t\t<span class=\"ion-ios-plus-empty\"><\/span>\r\n\t\t\t\t\t\t<\/a>\r\n\t\t\t\t\t\t\t\t\t\t\t<\/div>\r\n\t\t\t\t<\/div>\r\n\t\t\t<\/div>\r\n\t\t<\/a>\r\n\t<\/div><\/div>\t\t\t\t<div class=\"slider-wrap portfolio-item-wrap\">\r\n\t<div class=\"portfolio-item grid-4\">\r\n\t\t\t\t\t<div class=\"image-wrap\" data-norebro-bg-image=\"http:\/\/navefar.com\/wp-content\/uploads\/2019\/01\/lionel-b-2.jpg\"><\/div>\r\n\t\t\t\t<a href=\"http:\/\/navefar.com\/en\/project\/lionel-b\/\">\r\n\t\t\t<div class=\"description overlay\">\r\n\t\t\t\t<div class=\"content-center\">\r\n\t\t\t\t\t<div class=\"wrap\">\r\n\t\t\t\t\t\t\r\n\t\t\t\t\t\t\r\n\t\t\t\t\t\t<h4 class=\"title\">LIONEL B<\/h4>\r\n\t\t\t\t\t\t\t\t\t\t\t\t\t<div class=\"text-description\">\r\n\t\t\t\t\t\t\t\t\t\t\t\t\t\t\t<\/div>\r\n\t\t\t\t\t\t\t\t\t\t\t\t\t\t\t\t\t\t<a href=\"http:\/\/navefar.com\/en\/project\/lionel-b\/\" class=\"more hover-underline\">\r\n\t\t\t\t\t\t\tView Project\t\t\t\t\t\t\t<span class=\"ion-ios-plus-empty\"><\/span>\r\n\t\t\t\t\t\t<\/a>\r\n\t\t\t\t\t\t\t\t\t\t\t<\/div>\r\n\t\t\t\t<\/div>\r\n\t\t\t<\/div>\r\n\t\t<\/a>\r\n\t<\/div><\/div>\t\t\t\t<div class=\"slider-wrap portfolio-item-wrap\">\r\n\t<div class=\"portfolio-item grid-4\">\r\n\t\t\t\t\t<div class=\"image-wrap\" data-norebro-bg-image=\"http:\/\/navefar.com\/wp-content\/uploads\/2019\/01\/alexa.jpg\"><\/div>\r\n\t\t\t\t<a href=\"http:\/\/navefar.com\/en\/project\/ram-alexa-r\/\">\r\n\t\t\t<div class=\"description overlay\">\r\n\t\t\t\t<div class=\"content-center\">\r\n\t\t\t\t\t<div class=\"wrap\">\r\n\t\t\t\t\t\t\r\n\t\t\t\t\t\t\r\n\t\t\t\t\t\t<h4 class=\"title\">RAM ALEXA R<\/h4>\r\n\t\t\t\t\t\t\t\t\t\t\t\t\t<div class=\"text-description\">\r\n\t\t\t\t\t\t\t\t\t\t\t\t\t\t\t<\/div>\r\n\t\t\t\t\t\t\t\t\t\t\t\t\t\t\t\t\t\t<a href=\"http:\/\/navefar.com\/en\/project\/ram-alexa-r\/\" class=\"more hover-underline\">\r\n\t\t\t\t\t\t\tView Project\t\t\t\t\t\t\t<span class=\"ion-ios-plus-empty\"><\/span>\r\n\t\t\t\t\t\t<\/a>\r\n\t\t\t\t\t\t\t\t\t\t\t<\/div>\r\n\t\t\t\t<\/div>\r\n\t\t\t<\/div>\r\n\t\t<\/a>\r\n\t<\/div><\/div>\t\t\t\t<div class=\"slider-wrap portfolio-item-wrap\">\r\n\t<div class=\"portfolio-item grid-4\">\r\n\t\t\t\t\t<div class=\"image-wrap\" data-norebro-bg-image=\"http:\/\/navefar.com\/wp-content\/uploads\/2018\/01\/Neptune-1-Remolcando.jpg\"><\/div>\r\n\t\t\t\t<a href=\"http:\/\/navefar.com\/en\/project\/remolcador-neptune\/\">\r\n\t\t\t<div class=\"description overlay\">\r\n\t\t\t\t<div class=\"content-center\">\r\n\t\t\t\t\t<div class=\"wrap\">\r\n\t\t\t\t\t\t\r\n\t\t\t\t\t\t\r\n\t\t\t\t\t\t<h4 class=\"title\">Remolcador Neptune 1<\/h4>\r\n\t\t\t\t\t\t\t\t\t\t\t\t\t<div class=\"text-description\">\r\n\t\t\t\t\t\t\t\tRemolcador de apoyo\t\t\t\t\t\t\t<\/div>\r\n\t\t\t\t\t\t\t\t\t\t\t\t\t\t\t\t\t\t<a href=\"http:\/\/navefar.com\/en\/project\/remolcador-neptune\/\" class=\"more hover-underline\">\r\n\t\t\t\t\t\t\tView Project\t\t\t\t\t\t\t<span class=\"ion-ios-plus-empty\"><\/span>\r\n\t\t\t\t\t\t<\/a>\r\n\t\t\t\t\t\t\t\t\t\t\t<\/div>\r\n\t\t\t\t<\/div>\r\n\t\t\t<\/div>\r\n\t\t<\/a>\r\n\t<\/div><\/div>\t\t\t\t<div class=\"slider-wrap portfolio-item-wrap\">\r\n\t<div class=\"portfolio-item grid-4\">\r\n\t\t\t\t\t<div class=\"image-wrap\" data-norebro-bg-image=\"http:\/\/navefar.com\/wp-content\/uploads\/2017\/10\/esta-otra.jpg\"><\/div>\r\n\t\t\t\t<a href=\"http:\/\/navefar.com\/en\/project\/barcaza-oceanica-donvi\/\">\r\n\t\t\t<div class=\"description overlay\">\r\n\t\t\t\t<div class=\"content-center\">\r\n\t\t\t\t\t<div class=\"wrap\">\r\n\t\t\t\t\t\t\r\n\t\t\t\t\t\t\r\n\t\t\t\t\t\t<h4 class=\"title\">Barcaza Oce\u00e1nica Donvi<\/h4>\r\n\t\t\t\t\t\t\t\t\t\t\t\t\t<div class=\"text-description\">\r\n\t\t\t\t\t\t\t\tCapacidad de 6000 toneladas con gr\u00faa Crawler\/lattice boom de 200 toneladas.\t\t\t\t\t\t\t<\/div>\r\n\t\t\t\t\t\t\t\t\t\t\t\t\t\t\t\t\t\t<a href=\"http:\/\/navefar.com\/en\/project\/barcaza-oceanica-donvi\/\" class=\"more hover-underline\">\r\n\t\t\t\t\t\t\tView Project\t\t\t\t\t\t\t<span class=\"ion-ios-plus-empty\"><\/span>\r\n\t\t\t\t\t\t<\/a>\r\n\t\t\t\t\t\t\t\t\t\t\t<\/div>\r\n\t\t\t\t<\/div>\r\n\t\t\t<\/div>\r\n\t\t<\/a>\r\n\t<\/div><\/div>\t\t\t\t<div class=\"slider-wrap portfolio-item-wrap\">\r\n\t<div class=\"portfolio-item grid-4\">\r\n\t\t\t\t\t<div class=\"image-wrap\" data-norebro-bg-image=\"http:\/\/navefar.com\/wp-content\/uploads\/2017\/10\/barcaza-plana-1-cropear.jpg\"><\/div>\r\n\t\t\t\t<a href=\"http:\/\/navefar.com\/en\/project\/barcaza-plana\/\">\r\n\t\t\t<div class=\"description overlay\">\r\n\t\t\t\t<div class=\"content-center\">\r\n\t\t\t\t\t<div class=\"wrap\">\r\n\t\t\t\t\t\t\r\n\t\t\t\t\t\t\r\n\t\t\t\t\t\t<h4 class=\"title\">Barcaza Plana<\/h4>\r\n\t\t\t\t\t\t\t\t\t\t\t\t\t<div class=\"text-description\">\r\n\t\t\t\t\t\t\t\t\t\t\t\t\t\t\t<\/div>\r\n\t\t\t\t\t\t\t\t\t\t\t\t\t\t\t\t\t\t<a href=\"http:\/\/navefar.com\/en\/project\/barcaza-plana\/\" class=\"more hover-underline\">\r\n\t\t\t\t\t\t\tView Project\t\t\t\t\t\t\t<span class=\"ion-ios-plus-empty\"><\/span>\r\n\t\t\t\t\t\t<\/a>\r\n\t\t\t\t\t\t\t\t\t\t\t<\/div>\r\n\t\t\t\t<\/div>\r\n\t\t\t<\/div>\r\n\t\t<\/a>\r\n\t<\/div><\/div>\t\t\t\t<div class=\"slider-wrap portfolio-item-wrap\">\r\n\t<div class=\"portfolio-item grid-4\">\r\n\t\t\t\t\t<div class=\"image-wrap\" data-norebro-bg-image=\"http:\/\/navefar.com\/wp-content\/uploads\/2018\/01\/Neptune-1-Remolcando.jpg\"><\/div>\r\n\t\t\t\t<a href=\"http:\/\/navefar.com\/en\/project\/remolcador-oceanico\/\">\r\n\t\t\t<div class=\"description overlay\">\r\n\t\t\t\t<div class=\"content-center\">\r\n\t\t\t\t\t<div class=\"wrap\">\r\n\t\t\t\t\t\t\r\n\t\t\t\t\t\t\r\n\t\t\t\t\t\t<h4 class=\"title\">Remolcador Oce\u00e1nico<\/h4>\r\n\t\t\t\t\t\t\t\t\t\t\t\t\t<div class=\"text-description\">\r\n\t\t\t\t\t\t\t\tRemolcador de apoyo\t\t\t\t\t\t\t<\/div>\r\n\t\t\t\t\t\t\t\t\t\t\t\t\t\t\t\t\t\t<a href=\"http:\/\/navefar.com\/en\/project\/remolcador-oceanico\/\" class=\"more hover-underline\">\r\n\t\t\t\t\t\t\tView Project\t\t\t\t\t\t\t<span class=\"ion-ios-plus-empty\"><\/span>\r\n\t\t\t\t\t\t<\/a>\r\n\t\t\t\t\t\t\t\t\t\t\t<\/div>\r\n\t\t\t\t<\/div>\r\n\t\t\t<\/div>\r\n\t\t<\/a>\r\n\t<\/div><\/div>\t\t\t<\/div>\r\n\r\n\t\t<div class=\"scroll\">\r\n\t\tScroll\t<\/div>\r\n\t<\/div>[vc_empty_space height=&#8221;30px&#8221; el_class=&#8221;norebro-phone-space&#8221;]<div class=\"cq-buttoncontainer  \"><div class=\"animatetype-1\"><div><a href=\"http:\/\/navefar.scrbusiness.com\/nuestra-flota\/\" title=\"\" target=\"\" style=\"color:#000000;background-color:#4ac5db;\" class=\"btn cqbtn-3\"><span class=\"txt\">Ver m\u00e1s<\/span><span class=\"round\"><i style=\"margin-top:-9px;margin-left:-9px;\" class=\"fa fa-arrow-right\"><\/i><\/span><\/a><\/div><\/div><\/div>[vc_empty_space height=&#8221;30px&#8221; el_class=&#8221;norebro-phone-space&#8221;][\/vc_column][\/vc_row][vc_row full_width=&#8221;stretch_row&#8221; equal_height=&#8221;yes&#8221; content_placement=&#8221;middle&#8221; css=&#8221;.vc_custom_1545245385784{background-image: url(http:\/\/navefar.com\/wp-content\/uploads\/2018\/12\/background-degrade-5.jpg?id=5673860) !important;background-position: center !important;background-repeat: no-repeat !important;background-size: cover !important;}&#8221;][vc_column width=&#8221;1\/4&#8243;][\/vc_column][vc_column width=&#8221;1\/2&#8243;][vc_empty_space height=&#8221;80px&#8221; el_class=&#8221;norebro-phone-space&#8221;]<div class=\"norebro-heading-sc heading text-center\"\r\n\tid=\"norebro-custom-69f8d650e56af\" \r\n\t \r\n\t>\r\n\t\r\n\t\t\t<p class=\"subtitle\">\r\n\t\t\t\t\t<\/p>\r\n\t\r\n\t\r\n\t<h3 class=\"title subtitle-top\">\r\n\t\tCont\u00e1ctanos\t<\/h3>\r\n\r\n\t\r\n\t\t\r\n<\/div>[vc_empty_space height=&#8221;10px&#8221;]<div class=\"norebro-contact-from-sc contact-form  text-left\"\r\n\tid=\"norebro-custom-69f8d650e5750\" \r\n\t \r\n\t>\r\n\r\n\t\n<div class=\"wpcf7 no-js\" id=\"wpcf7-f5665053-o1\" lang=\"es-ES\" dir=\"ltr\" data-wpcf7-id=\"5665053\">\n<div class=\"screen-reader-response\"><p role=\"status\" aria-live=\"polite\" aria-atomic=\"true\"><\/p> <ul><\/ul><\/div>\n<form action=\"\/en\/wp-json\/wp\/v2\/pages\/5673531#wpcf7-f5665053-o1\" method=\"post\" class=\"wpcf7-form init\" aria-label=\"Formulario de contacto\" novalidate=\"novalidate\" data-status=\"init\">\n<div style=\"display: none;\">\n<input type=\"hidden\" name=\"_wpcf7\" value=\"5665053\" \/>\n<input type=\"hidden\" name=\"_wpcf7_version\" value=\"6.0.6\" \/>\n<input type=\"hidden\" name=\"_wpcf7_locale\" value=\"es_ES\" \/>\n<input type=\"hidden\" name=\"_wpcf7_unit_tag\" value=\"wpcf7-f5665053-o1\" \/>\n<input type=\"hidden\" name=\"_wpcf7_container_post\" value=\"0\" \/>\n<input type=\"hidden\" name=\"_wpcf7_posted_data_hash\" value=\"\" \/>\n<\/div>\n<p><label> Tu nombre (requerido)<br \/>\n<span class=\"wpcf7-form-control-wrap\" data-name=\"your-name\"><input size=\"40\" maxlength=\"400\" class=\"wpcf7-form-control wpcf7-text wpcf7-validates-as-required\" aria-required=\"true\" aria-invalid=\"false\" value=\"\" type=\"text\" name=\"your-name\" \/><\/span> <\/label>\n<\/p>\n<p><label> Tu correo electr\u00f3nico (requerido)<br \/>\n<span class=\"wpcf7-form-control-wrap\" data-name=\"your-email\"><input size=\"40\" maxlength=\"400\" class=\"wpcf7-form-control wpcf7-email wpcf7-validates-as-required wpcf7-text wpcf7-validates-as-email\" aria-required=\"true\" aria-invalid=\"false\" value=\"\" type=\"email\" name=\"your-email\" \/><\/span> <\/label>\n<\/p>\n<p><label> Asunto<br \/>\n<span class=\"wpcf7-form-control-wrap\" data-name=\"your-subject\"><input size=\"40\" maxlength=\"400\" class=\"wpcf7-form-control wpcf7-text\" aria-invalid=\"false\" value=\"\" type=\"text\" name=\"your-subject\" \/><\/span> <\/label>\n<\/p>\n<p><label> Tu mensaje<br \/>\n<span class=\"wpcf7-form-control-wrap\" data-name=\"your-message\"><textarea cols=\"40\" rows=\"10\" maxlength=\"2000\" class=\"wpcf7-form-control wpcf7-textarea\" aria-invalid=\"false\" name=\"your-message\"><\/textarea><\/span> <\/label>\n<\/p>\n<p><input class=\"wpcf7-form-control wpcf7-submit has-spinner\" type=\"submit\" value=\"Enviar\" \/>\n<\/p><div class=\"wpcf7-response-output\" aria-hidden=\"true\"><\/div>\n<\/form>\n<\/div>\n\r\n\t<div class=\"hidden\" data-contact-btn=\"true\">\r\n\t\t<button class=\"btn  btn-brand\">\r\n\t\t\t<span class=\"btn-load\"><\/span>\r\n\t\t\t<span class=\"text\"><\/span>\r\n\t\t<\/button>\r\n\t<\/div>\r\n<\/div>[vc_empty_space height=&#8221;80px&#8221; el_class=&#8221;norebro-phone-space&#8221;][\/vc_column][vc_column width=&#8221;1\/4&#8243;][\/vc_column][\/vc_row]\n<\/div>","protected":false},"excerpt":{"rendered":"<p>[vc_row full_width=&#8221;stretch_row&#8221; full_height=&#8221;yes&#8221; equal_height=&#8221;yes&#8221; css=&#8221;.vc_custom_1543905655505{background-color: #eaeaea !important;}&#8221;][vc_column][\/vc_column][\/vc_row][vc_row full_width=&#8221;stretch_row&#8221; full_height=&#8221;yes&#8221; equal_height=&#8221;yes&#8221; disable_element=&#8221;yes&#8221; css=&#8221;.vc_custom_1544813156660{background-image: url(http:\/\/navefar.com\/wp-content\/uploads\/2018\/12\/fondo3.jpg?id=5673705) !important;background-position: center !important;background-repeat: no-repeat !important;background-size: cover !important;}&#8221;][vc_column width=&#8221;1\/4&#8243;][\/vc_column][vc_column width=&#8221;1\/2&#8243; css=&#8221;.vc_custom_1544811415231{margin-top: 80px !important;background-color: #007595 !important;}&#8221;][vc_empty_space height=&#8221;30px&#8221; el_class=&#8221;norebro-phone-space&#8221;][vc_column_text] Junto a nuestra compa\u00f1\u00eda asociada, tenemos m\u00e1s de 8 a\u00f1os de experiencia en el transporte mar\u00edtimo y fluvial de carga especializada y carga al granel a [&hellip;]<\/p>\n","protected":false},"author":1,"featured_media":0,"parent":0,"menu_order":0,"comment_status":"closed","ping_status":"closed","template":"","meta":{"inline_featured_image":false,"footnotes":""},"class_list":["post-5673531","page","type-page","status-publish","hentry"],"_links":{"self":[{"href":"http:\/\/navefar.com\/en\/wp-json\/wp\/v2\/pages\/5673531","targetHints":{"allow":["GET"]}}],"collection":[{"href":"http:\/\/navefar.com\/en\/wp-json\/wp\/v2\/pages"}],"about":[{"href":"http:\/\/navefar.com\/en\/wp-json\/wp\/v2\/types\/page"}],"author":[{"embeddable":true,"href":"http:\/\/navefar.com\/en\/wp-json\/wp\/v2\/users\/1"}],"replies":[{"embeddable":true,"href":"http:\/\/navefar.com\/en\/wp-json\/wp\/v2\/comments?post=5673531"}],"version-history":[{"count":29,"href":"http:\/\/navefar.com\/en\/wp-json\/wp\/v2\/pages\/5673531\/revisions"}],"predecessor-version":[{"id":5673879,"href":"http:\/\/navefar.com\/en\/wp-json\/wp\/v2\/pages\/5673531\/revisions\/5673879"}],"wp:attachment":[{"href":"http:\/\/navefar.com\/en\/wp-json\/wp\/v2\/media?parent=5673531"}],"curies":[{"name":"wp","href":"https:\/\/api.w.org\/{rel}","templated":true}]}}